{"id":638,"date":"2021-07-29T15:45:22","date_gmt":"2021-07-29T13:45:22","guid":{"rendered":"https:\/\/kgool.fr\/?page_id=638"},"modified":"2021-07-29T16:02:35","modified_gmt":"2021-07-29T14:02:35","slug":"mentions-legale","status":"publish","type":"page","link":"https:\/\/kgool.fr\/index.php\/mentions-legale\/","title":{"rendered":"Mentions l\u00e9gales"},"content":{"rendered":"\t\t<div data-elementor-type=\"wp-page\" data-elementor-id=\"638\" class=\"elementor elementor-638\">\n\t\t\t\t\t\t\t\t\t<section class=\"elementor-section elementor-top-section elementor-element elementor-element-d80953e elementor-section-boxed elementor-section-height-default elementor-section-height-default\" data-id=\"d80953e\" data-element_type=\"section\">\n\t\t\t\t\t\t<div class=\"elementor-container elementor-column-gap-default\">\n\t\t\t\t\t<div class=\"elementor-column elementor-col-100 elementor-top-column elementor-element elementor-element-29bf7f3\" data-id=\"29bf7f3\" data-element_type=\"column\">\n\t\t\t<div class=\"elementor-widget-wrap elementor-element-populated\">\n\t\t\t\t\t\t\t\t<div class=\"elementor-element elementor-element-29ad7e2 elementor-widget elementor-widget-heading\" data-id=\"29ad7e2\" data-element_type=\"widget\" data-widget_type=\"heading.default\">\n\t\t\t\t<div class=\"elementor-widget-container\">\n\t\t\t<style>\/*! elementor - v3.6.0 - 21-03-2022 *\/\n.elementor-heading-title{padding:0;margin:0;line-height:1}.elementor-widget-heading .elementor-heading-title[class*=elementor-size-]>a{color:inherit;font-size:inherit;line-height:inherit}.elementor-widget-heading .elementor-heading-title.elementor-size-small{font-size:15px}.elementor-widget-heading .elementor-heading-title.elementor-size-medium{font-size:19px}.elementor-widget-heading .elementor-heading-title.elementor-size-large{font-size:29px}.elementor-widget-heading .elementor-heading-title.elementor-size-xl{font-size:39px}.elementor-widget-heading .elementor-heading-title.elementor-size-xxl{font-size:59px}<\/style><h1 class=\"elementor-heading-title elementor-size-default\">MENTIONS L\u00c9GALES<\/h1>\t\t<\/div>\n\t\t\t\t<\/div>\n\t\t\t\t<div class=\"elementor-element elementor-element-2651a97 elementor-widget-divider--view-line elementor-widget elementor-widget-divider\" data-id=\"2651a97\" data-element_type=\"widget\" data-widget_type=\"divider.default\">\n\t\t\t\t<div class=\"elementor-widget-container\">\n\t\t\t<style>\/*! elementor - v3.6.0 - 21-03-2022 *\/\n.elementor-widget-divider{--divider-border-style:none;--divider-border-width:1px;--divider-color:#2c2c2c;--divider-icon-size:20px;--divider-element-spacing:10px;--divider-pattern-height:24px;--divider-pattern-size:20px;--divider-pattern-url:none;--divider-pattern-repeat:repeat-x}.elementor-widget-divider .elementor-divider{display:-webkit-box;display:-ms-flexbox;display:flex}.elementor-widget-divider .elementor-divider__text{font-size:15px;line-height:1;max-width:95%}.elementor-widget-divider .elementor-divider__element{margin:0 var(--divider-element-spacing);-ms-flex-negative:0;flex-shrink:0}.elementor-widget-divider .elementor-icon{font-size:var(--divider-icon-size)}.elementor-widget-divider .elementor-divider-separator{display:-webkit-box;display:-ms-flexbox;display:flex;margin:0;direction:ltr}.elementor-widget-divider--view-line_icon .elementor-divider-separator,.elementor-widget-divider--view-line_text .elementor-divider-separator{-webkit-box-align:center;-ms-flex-align:center;align-items:center}.elementor-widget-divider--view-line_icon .elementor-divider-separator:after,.elementor-widget-divider--view-line_icon .elementor-divider-separator:before,.elementor-widget-divider--view-line_text .elementor-divider-separator:after,.elementor-widget-divider--view-line_text .elementor-divider-separator:before{display:block;content:\"\";border-bottom:0;-webkit-box-flex:1;-ms-flex-positive:1;flex-grow:1;border-top:var(--divider-border-width) var(--divider-border-style) var(--divider-color)}.elementor-widget-divider--element-align-left .elementor-divider .elementor-divider-separator>.elementor-divider__svg:first-of-type{-webkit-box-flex:0;-ms-flex-positive:0;flex-grow:0;-ms-flex-negative:100;flex-shrink:100}.elementor-widget-divider--element-align-left .elementor-divider-separator:before{content:none}.elementor-widget-divider--element-align-left .elementor-divider__element{margin-left:0}.elementor-widget-divider--element-align-right .elementor-divider .elementor-divider-separator>.elementor-divider__svg:last-of-type{-webkit-box-flex:0;-ms-flex-positive:0;flex-grow:0;-ms-flex-negative:100;flex-shrink:100}.elementor-widget-divider--element-align-right .elementor-divider-separator:after{content:none}.elementor-widget-divider--element-align-right .elementor-divider__element{margin-right:0}.elementor-widget-divider:not(.elementor-widget-divider--view-line_text):not(.elementor-widget-divider--view-line_icon) .elementor-divider-separator{border-top:var(--divider-border-width) var(--divider-border-style) var(--divider-color)}.elementor-widget-divider--separator-type-pattern{--divider-border-style:none}.elementor-widget-divider--separator-type-pattern.elementor-widget-divider--view-line .elementor-divider-separator,.elementor-widget-divider--separator-type-pattern:not(.elementor-widget-divider--view-line) .elementor-divider-separator:after,.elementor-widget-divider--separator-type-pattern:not(.elementor-widget-divider--view-line) .elementor-divider-separator:before,.elementor-widget-divider--separator-type-pattern:not([class*=elementor-widget-divider--view]) .elementor-divider-separator{width:100%;min-height:var(--divider-pattern-height);-webkit-mask-size:var(--divider-pattern-size) 100%;mask-size:var(--divider-pattern-size) 100%;-webkit-mask-repeat:var(--divider-pattern-repeat);mask-repeat:var(--divider-pattern-repeat);background-color:var(--divider-color);-webkit-mask-image:var(--divider-pattern-url);mask-image:var(--divider-pattern-url)}.elementor-widget-divider--no-spacing{--divider-pattern-size:auto}.elementor-widget-divider--bg-round{--divider-pattern-repeat:round}.rtl .elementor-widget-divider .elementor-divider__text{direction:rtl}<\/style>\t\t<div class=\"elementor-divider\">\n\t\t\t<span class=\"elementor-divider-separator\">\n\t\t\t\t\t\t<\/span>\n\t\t<\/div>\n\t\t\t\t<\/div>\n\t\t\t\t<\/div>\n\t\t\t\t<div class=\"elementor-element elementor-element-217c1cd elementor-widget elementor-widget-text-editor\" data-id=\"217c1cd\" data-element_type=\"widget\" data-widget_type=\"text-editor.default\">\n\t\t\t\t<div class=\"elementor-widget-container\">\n\t\t\t<style>\/*! elementor - v3.6.0 - 21-03-2022 *\/\n.elementor-widget-text-editor.elementor-drop-cap-view-stacked .elementor-drop-cap{background-color:#818a91;color:#fff}.elementor-widget-text-editor.elementor-drop-cap-view-framed .elementor-drop-cap{color:#818a91;border:3px solid;background-color:transparent}.elementor-widget-text-editor:not(.elementor-drop-cap-view-default) .elementor-drop-cap{margin-top:8px}.elementor-widget-text-editor:not(.elementor-drop-cap-view-default) .elementor-drop-cap-letter{width:1em;height:1em}.elementor-widget-text-editor .elementor-drop-cap{float:left;text-align:center;line-height:1;font-size:50px}.elementor-widget-text-editor .elementor-drop-cap-letter{display:inline-block}<\/style>\t\t\t\t<p style=\"letter-spacing: normal; text-align: start; margin-bottom: 15px; border-width: 0px; font-family: Poppins, Arial, Tahoma, sans-serif; font-size: 15px; font-stretch: inherit; line-height: inherit; vertical-align: baseline; caret-color: #626262; color: #626262;\">Ce site web est la propri\u00e9t\u00e9 de la soci\u00e9t\u00e9 CAIRN, situ\u00e9e \u00e0 Nantes (France).<br \/>La r\u00e9servation des diff\u00e9rents noms de domaine a \u00e9t\u00e9 effectu\u00e9e conform\u00e9ment aux dispositions en vigueur aupr\u00e8s de l&rsquo;AFNIC.<\/p><p>Editeur du site SARL CAIRN<br \/>PA de Ragon<br \/>2 rue des Fr\u00e8res Lumi\u00e8re<br \/>44119 TREILLIERES<\/p><p>Capital social 49 000 euros<br \/>Email : contact@cairn.fr<br \/>T\u00e9l. : 02.40.48.65.65<br \/>412 795 338 RCS NANTES &#8211; Siret : 412795338 00034 &#8211; APE : 2229B<br \/>N\u00b0 d\u00e9claration CNIL : 2008677<\/p><p>\u00a0<\/p><p><span style=\"margin: 0px; padding: 0px; border: 0px; font-family: inherit; font-size: inherit; font-style: inherit; font-variant-caps: inherit; font-weight: bold; font-stretch: inherit; line-height: inherit; vertical-align: baseline;\">Responsable de la publication<\/span><br \/>M. AUGER Fran\u00e7ois<\/p><p>\u00a0<\/p><p><span style=\"margin: 0px; padding: 0px; border: 0px; font-family: inherit; font-size: inherit; font-style: inherit; font-variant-caps: inherit; font-weight: bold; font-stretch: inherit; line-height: inherit; vertical-align: baseline;\">D\u00e9claration \u00e0 la CNIL<\/span><br \/>Conform\u00e9ment \u00e0 la loi 78-17 du 6 janvier 1978 (modifi\u00e9e par la loi 2004-801 du 6 ao\u00fbt 2004 relative \u00e0 la protection des personnes physiques \u00e0 l&rsquo;\u00e9gard des traitements de donn\u00e9es \u00e0 caract\u00e8re personnel) relative \u00e0 l&rsquo;informatique, aux fichiers et aux libert\u00e9s, le site a fait l&rsquo;objet d&rsquo;une d\u00e9claration aupr\u00e8s de la Commission nationale de l&rsquo;informatique et des libert\u00e9s (www.cnil.fr).<\/p><p>\u00a0<\/p><p><span style=\"margin: 0px; padding: 0px; border: 0px; font-family: inherit; font-size: inherit; font-style: inherit; font-variant-caps: inherit; font-weight: bold; font-stretch: inherit; line-height: inherit; vertical-align: baseline;\">Droit d&rsquo;acc\u00e8s<\/span><br \/>Conform\u00e9ment \u00e0 la l\u00e9gislation en vigueur, vous disposez d&rsquo;un droit d&rsquo;acc\u00e8s, de modification, de rectification et de suppression des donn\u00e9es nominatives qui vous concernent, en adressant votre demande exclusivement par courrier \u00e0 la soci\u00e9t\u00e9 Cairn et selon les seules modalit\u00e9s pr\u00e9cis\u00e9es dans les conditions g\u00e9n\u00e9rales d&rsquo;utilisation du site web. La soci\u00e9t\u00e9 Cairn s&rsquo;engage en outre \u00e0 prendre toutes pr\u00e9cautions utiles afin de prot\u00e9ger les donn\u00e9es \u00e0 caract\u00e8re personnel trait\u00e9es par ses services, et notamment d&#8217;emp\u00eacher qu&rsquo;elles ne soient d\u00e9form\u00e9es, endommag\u00e9es ou communiqu\u00e9es \u00e0 des tiers non autoris\u00e9s.<\/p><p>\u00a0<\/p><p><span style=\"margin: 0px; padding: 0px; border: 0px; font-family: inherit; font-size: inherit; font-style: inherit; font-variant-caps: inherit; font-weight: bold; font-stretch: inherit; line-height: inherit; vertical-align: baseline;\">Conditions d&rsquo;utilisation<\/span><br \/>Nous rappelons que le contenu de ce site web peut \u00eatre modifi\u00e9 ou mis \u00e0 jour sans pr\u00e9avis et ne correspond en aucun cas a un engagement contractuel. La\u00a0<span style=\"font-size: inherit; text-align: inherit; letter-spacing: -0.015em;\">soci\u00e9t\u00e9 CAIRN autorise les liens externes vers son site Web sans information pr\u00e9alable.<\/span><\/p><p><span style=\"margin: 0px; padding: 0px; border: 0px; font-family: inherit; font-size: inherit; font-style: inherit; font-variant-caps: inherit; font-weight: bold; font-stretch: inherit; line-height: inherit; vertical-align: baseline;\">\u00a0<\/span><\/p><p><span style=\"margin: 0px; padding: 0px; border: 0px; font-family: inherit; font-size: inherit; font-style: inherit; font-variant-caps: inherit; font-weight: bold; font-stretch: inherit; line-height: inherit; vertical-align: baseline;\">H\u00e9bergement<\/span><\/p><p>Le site est h\u00e9berg\u00e9 par : OVH SAS<br \/>\u00a9 2021 CAIRN<\/p>\t\t\t\t\t\t<\/div>\n\t\t\t\t<\/div>\n\t\t\t\t\t<\/div>\n\t\t<\/div>\n\t\t\t\t\t\t\t<\/div>\n\t\t<\/section>\n\t\t\t\t\t\t\t<\/div>\n\t\t","protected":false},"excerpt":{"rendered":"<p>MENTIONS L\u00c9GALES Ce site web est la propri\u00e9t\u00e9 de la soci\u00e9t\u00e9 CAIRN, situ\u00e9e \u00e0 Nantes (France).La r\u00e9servation des diff\u00e9rents noms de domaine a \u00e9t\u00e9 effectu\u00e9e conform\u00e9ment aux dispositions en vigueur aupr\u00e8s de l&rsquo;AFNIC. Editeur du site SARL CAIRNPA de Ragon2 rue des Fr\u00e8res Lumi\u00e8re44119 TREILLIERES Capital social 49 000 eurosEmail : contact@cairn.frT\u00e9l. : 02.40.48.65.65412 795 [&hellip;]<\/p>\n","protected":false},"author":1,"featured_media":0,"parent":0,"menu_order":0,"comment_status":"closed","ping_status":"closed","template":"elementor_header_footer","meta":[],"_links":{"self":[{"href":"https:\/\/kgool.fr\/index.php\/wp-json\/wp\/v2\/pages\/638"}],"collection":[{"href":"https:\/\/kgool.fr\/index.php\/wp-json\/wp\/v2\/pages"}],"about":[{"href":"https:\/\/kgool.fr\/index.php\/wp-json\/wp\/v2\/types\/page"}],"author":[{"embeddable":true,"href":"https:\/\/kgool.fr\/index.php\/wp-json\/wp\/v2\/users\/1"}],"replies":[{"embeddable":true,"href":"https:\/\/kgool.fr\/index.php\/wp-json\/wp\/v2\/comments?post=638"}],"version-history":[{"count":12,"href":"https:\/\/kgool.fr\/index.php\/wp-json\/wp\/v2\/pages\/638\/revisions"}],"predecessor-version":[{"id":661,"href":"https:\/\/kgool.fr\/index.php\/wp-json\/wp\/v2\/pages\/638\/revisions\/661"}],"wp:attachment":[{"href":"https:\/\/kgool.fr\/index.php\/wp-json\/wp\/v2\/media?parent=638"}],"curies":[{"name":"wp","href":"https:\/\/api.w.org\/{rel}","templated":true}]}}